{"id":278,"date":"2019-12-25T01:52:18","date_gmt":"2019-12-25T00:52:18","guid":{"rendered":"http:\/\/login.lumachina.ch\/?page_id=278"},"modified":"2021-08-22T14:21:36","modified_gmt":"2021-08-22T12:21:36","slug":"tagesablauf","status":"publish","type":"page","link":"https:\/\/login.lumachina.ch\/it\/tagesablauf\/","title":{"rendered":"Programma"},"content":{"rendered":"<div class=\"swpm-post-not-logged-in-msg\">Devi eseguire l&#39;accesso per visualizzare questo contenuto. Si prega <a class=\"swpm-login-link\" href=\"https:\/\/login.lumachina.ch\/it\/membership-login\/\">Log In<\/a>. Non sei un membro? <a href=\"https:\/\/login.lumachina.ch\/it\/membership-join\/\">Registrati<\/a><\/div>","protected":false},"excerpt":{"rendered":"<p>Tagesablauf HochzeitstagSchon jetzt freuen wir uns riesig auf unseren grossen Tag.\u00a0Zuviel verraten wir euch noch nicht. Einige Angaben zum\u00a0Tagesablauf teilen wir euch dennoch mit. Unser Tag zusammengefasst 13.30 Uhr Treffpunkt der geladenen G\u00e4steUnsere G\u00e4ste finden sich auf dem Parkplatz des Restaurant Sonne Seehotel in Eich ein. Die Fahrzeuge k\u00f6nnen dort abgestellt werden.Ihr werdet dort von [&hellip;]<\/p>\n","protected":false},"author":1,"featured_media":0,"parent":0,"menu_order":0,"comment_status":"closed","ping_status":"closed","template":"","meta":{"_et_pb_use_builder":"on","_et_pb_old_content":"","_et_gb_content_width":"","footnotes":""},"class_list":["post-278","page","type-page","status-publish","hentry"],"_links":{"self":[{"href":"https:\/\/login.lumachina.ch\/it\/wp-json\/wp\/v2\/pages\/278","targetHints":{"allow":["GET"]}}],"collection":[{"href":"https:\/\/login.lumachina.ch\/it\/wp-json\/wp\/v2\/pages"}],"about":[{"href":"https:\/\/login.lumachina.ch\/it\/wp-json\/wp\/v2\/types\/page"}],"author":[{"embeddable":true,"href":"https:\/\/login.lumachina.ch\/it\/wp-json\/wp\/v2\/users\/1"}],"replies":[{"embeddable":true,"href":"https:\/\/login.lumachina.ch\/it\/wp-json\/wp\/v2\/comments?post=278"}],"version-history":[{"count":42,"href":"https:\/\/login.lumachina.ch\/it\/wp-json\/wp\/v2\/pages\/278\/revisions"}],"predecessor-version":[{"id":661,"href":"https:\/\/login.lumachina.ch\/it\/wp-json\/wp\/v2\/pages\/278\/revisions\/661"}],"wp:attachment":[{"href":"https:\/\/login.lumachina.ch\/it\/wp-json\/wp\/v2\/media?parent=278"}],"curies":[{"name":"wp","href":"https:\/\/api.w.org\/{rel}","templated":true}]}}